{"id":2191,"date":"2020-12-22T14:52:21","date_gmt":"2020-12-23T12:02:16","guid":{"rendered":"https:\/\/viva.rauschmayer.com\/product\/traumblase-ohrschmuck\/"},"modified":"2022-10-06T11:14:33","modified_gmt":"2022-10-06T10:14:33","slug":"lebensfreude-ohrschmuck-goldkugeln","status":"publish","type":"product","link":"https:\/\/viva.rauschmayer.com\/de\/produkt\/lebensfreude-ohrschmuck-goldkugeln\/","title":{"rendered":"&#8222;Lebensfreude&#8220; Ohrschmuck"},"content":{"rendered":"<p>&#8222;Lebensfreude&#8220; Ohrschmuck in 14k (585) Gelbgold mit jeweils drei unterschiedlich gro\u00dfen runden wei\u00dfen S\u00fc\u00dfwasserperlen. Eine mit Durchmesser 4,0mm &#8211; 4,5mm, eine mit 5,0mm &#8211; 5,5mm und eine mit 6,0mm &#8211; 6,5mm.<\/p>\n","protected":false},"excerpt":{"rendered":"<p>Grazil und unwiderstehlich &#8211; der \u201cLebensfreude\u201d Ohrschmuck betont die zarte Seite der modernen Frau. Einfach getragen, perfektioniert das exquisite Schmuckst\u00fcck jedes Outfit. Goldkugeln aus zertifiziertem Gold und schimmernde S\u00fc\u00dfwasser Zuchtperlen stehen im Mittelpunkt des Designs und bilden zusammen eine harmonische Symbiose.<\/p>\n","protected":false},"featured_media":0,"template":"","meta":[],"product_brand":[],"product_cat":[132,349,397,130],"product_tag":[221],"class_list":{"0":"post-2191","1":"product","2":"type-product","3":"status-publish","5":"product_cat-schmuck-gelbgold","6":"product_cat-ohrringe-gelbgold","7":"product_cat-echte-perlenohrringe","8":"product_cat-perlen-schmuck","9":"product_tag-lebensfreude-de","11":"first","12":"instock","13":"taxable","14":"shipping-taxable","15":"product-type-simple"},"_links":{"self":[{"href":"https:\/\/viva.rauschmayer.com\/de\/wp-json\/wp\/v2\/product\/2191","targetHints":{"allow":["GET"]}}],"collection":[{"href":"https:\/\/viva.rauschmayer.com\/de\/wp-json\/wp\/v2\/product"}],"about":[{"href":"https:\/\/viva.rauschmayer.com\/de\/wp-json\/wp\/v2\/types\/product"}],"wp:attachment":[{"href":"https:\/\/viva.rauschmayer.com\/de\/wp-json\/wp\/v2\/media?parent=2191"}],"wp:term":[{"taxonomy":"product_brand","embeddable":true,"href":"https:\/\/viva.rauschmayer.com\/de\/wp-json\/wp\/v2\/product_brand?post=2191"},{"taxonomy":"product_cat","embeddable":true,"href":"https:\/\/viva.rauschmayer.com\/de\/wp-json\/wp\/v2\/product_cat?post=2191"},{"taxonomy":"product_tag","embeddable":true,"href":"https:\/\/viva.rauschmayer.com\/de\/wp-json\/wp\/v2\/product_tag?post=2191"}],"curies":[{"name":"wp","href":"https:\/\/api.w.org\/{rel}","templated":true}]}}