{"id":2192,"date":"2020-12-22T14:28:54","date_gmt":"2020-12-23T12:02:32","guid":{"rendered":"https:\/\/viva.rauschmayer.com\/product\/traumblase-collier\/"},"modified":"2022-10-06T11:00:02","modified_gmt":"2022-10-06T10:00:02","slug":"lebensfreude-collier","status":"publish","type":"product","link":"https:\/\/viva.rauschmayer.com\/de\/produkt\/lebensfreude-collier\/","title":{"rendered":"&#8222;Lebensfreude&#8220; Collier"},"content":{"rendered":"<p>&#8222;Lebensfreude&#8220; Collier in 14k (585) Gelbgold mit drei unterschiedlich gro\u00dfen runden wei\u00dfen S\u00fc\u00dfwasserperlen. Eine mit Durchmesser 4,0mm &#8211; 4,5mm, eine mit 5,0mm &#8211; 5,5mm und eine mit 6,0mm &#8211; 6,5mm.<\/p>\n<p>45cm lange Kugelkette in Gelbgold, Zwischen\u00f6se bei 42cm, im Lieferumfang enthalten.<\/p>\n","protected":false},"excerpt":{"rendered":"<p>Grazil und unwiderstehlich &#8211; das \u201cLebensfreude\u201d Collier betont die zarte Seite der modernen Frau. Einfach getragen, perfektioniert das exquisite Schmuckst\u00fcck jedes Outfit. Goldkugeln aus zertifiziertem Gold und schimmernde S\u00fc\u00dfwasser Zuchtperlen stehen im Mittelpunkt des Designs und bilden zusammen eine harmonische Symbiose.<\/p>\n","protected":false},"featured_media":0,"template":"","meta":[],"product_brand":[],"product_cat":[132,130],"product_tag":[221],"class_list":{"0":"post-2192","1":"product","2":"type-product","3":"status-publish","5":"product_cat-schmuck-gelbgold","6":"product_cat-perlen-schmuck","7":"product_tag-lebensfreude-de","9":"first","10":"instock","11":"taxable","12":"shipping-taxable","13":"product-type-simple"},"_links":{"self":[{"href":"https:\/\/viva.rauschmayer.com\/de\/wp-json\/wp\/v2\/product\/2192","targetHints":{"allow":["GET"]}}],"collection":[{"href":"https:\/\/viva.rauschmayer.com\/de\/wp-json\/wp\/v2\/product"}],"about":[{"href":"https:\/\/viva.rauschmayer.com\/de\/wp-json\/wp\/v2\/types\/product"}],"wp:attachment":[{"href":"https:\/\/viva.rauschmayer.com\/de\/wp-json\/wp\/v2\/media?parent=2192"}],"wp:term":[{"taxonomy":"product_brand","embeddable":true,"href":"https:\/\/viva.rauschmayer.com\/de\/wp-json\/wp\/v2\/product_brand?post=2192"},{"taxonomy":"product_cat","embeddable":true,"href":"https:\/\/viva.rauschmayer.com\/de\/wp-json\/wp\/v2\/product_cat?post=2192"},{"taxonomy":"product_tag","embeddable":true,"href":"https:\/\/viva.rauschmayer.com\/de\/wp-json\/wp\/v2\/product_tag?post=2192"}],"curies":[{"name":"wp","href":"https:\/\/api.w.org\/{rel}","templated":true}]}}