{"id":2652,"date":"2020-12-28T10:13:04","date_gmt":"2021-01-05T17:05:53","guid":{"rendered":"https:\/\/viva.rauschmayer.com\/product\/labyrinth-ohrschmuck\/"},"modified":"2022-08-04T09:46:45","modified_gmt":"2022-08-04T08:46:45","slug":"wasserspiel-ohrschmuck-gold","status":"publish","type":"product","link":"https:\/\/viva.rauschmayer.com\/de\/produkt\/wasserspiel-ohrschmuck-gold\/","title":{"rendered":"&#8222;Wasserspiel&#8220; Ohrschmuck"},"content":{"rendered":"<p>&#8222;Wasserspiel&#8220; Ohrschmuck in 14k (585) Gelbgold mit jeweils zwei unterschiedlich gro\u00dfen runden wei\u00dfen S\u00fc\u00dfwasserperlen. Eine mit Durchmesser 4,0mm &#8211; 4,5mm und eine mit 5,0mm &#8211; 5,5mm.<\/p>\n","protected":false},"excerpt":{"rendered":"<p>Eine runde Sache &#8211; der \u201cWasserspiel\u201d Ohrschmuck. Durch die besondere Formsprache der geschwungenen Linien setzt das Schmuckst\u00fcck die edle S\u00fc\u00dfwasser Zuchtperlen in Szene. Minimalistisch modern ziehen sie alle Blicke auf sich und r\u00fccken so die handverlesenen S\u00fc\u00dfwasserperlen in den Fokus der Aufmerksamkeit.<\/p>\n","protected":false},"featured_media":0,"template":"","meta":[],"product_brand":[],"product_cat":[132,349,397,130],"product_tag":[223],"class_list":{"0":"post-2652","1":"product","2":"type-product","3":"status-publish","5":"product_cat-schmuck-gelbgold","6":"product_cat-ohrringe-gelbgold","7":"product_cat-echte-perlenohrringe","8":"product_cat-perlen-schmuck","9":"product_tag-wasserspiel-de","11":"first","12":"instock","13":"taxable","14":"shipping-taxable","15":"product-type-simple"},"_links":{"self":[{"href":"https:\/\/viva.rauschmayer.com\/de\/wp-json\/wp\/v2\/product\/2652","targetHints":{"allow":["GET"]}}],"collection":[{"href":"https:\/\/viva.rauschmayer.com\/de\/wp-json\/wp\/v2\/product"}],"about":[{"href":"https:\/\/viva.rauschmayer.com\/de\/wp-json\/wp\/v2\/types\/product"}],"wp:attachment":[{"href":"https:\/\/viva.rauschmayer.com\/de\/wp-json\/wp\/v2\/media?parent=2652"}],"wp:term":[{"taxonomy":"product_brand","embeddable":true,"href":"https:\/\/viva.rauschmayer.com\/de\/wp-json\/wp\/v2\/product_brand?post=2652"},{"taxonomy":"product_cat","embeddable":true,"href":"https:\/\/viva.rauschmayer.com\/de\/wp-json\/wp\/v2\/product_cat?post=2652"},{"taxonomy":"product_tag","embeddable":true,"href":"https:\/\/viva.rauschmayer.com\/de\/wp-json\/wp\/v2\/product_tag?post=2652"}],"curies":[{"name":"wp","href":"https:\/\/api.w.org\/{rel}","templated":true}]}}