{"id":2653,"date":"2020-12-28T10:07:09","date_gmt":"2021-01-05T17:06:18","guid":{"rendered":"https:\/\/viva.rauschmayer.com\/product\/labyrinth-anhaenger\/"},"modified":"2022-08-04T09:45:40","modified_gmt":"2022-08-04T08:45:40","slug":"wasserspiel-anhaenger-gold","status":"publish","type":"product","link":"https:\/\/viva.rauschmayer.com\/de\/produkt\/wasserspiel-anhaenger-gold\/","title":{"rendered":"&#8222;Wasserspiel&#8220; Anh\u00e4nger"},"content":{"rendered":"<p>&#8222;Wasserspiel&#8220; Anh\u00e4nger in 14k (585) Gelbgold mit zwei unterschiedlich gro\u00dfen runden wei\u00dfen S\u00fc\u00dfwasserperlen. Eine mit Durchmesser 5,0mm &#8211; 5,5mm und eine mit 6,0mm &#8211; 6,5mm.<\/p>\n<p>45cm lange Ankerkette, Zwischen\u00f6se bei 42cm im Lieferumfang enthalten.<br \/>\n(Abbildung der Kette kann abweichen)<\/p>\n","protected":false},"excerpt":{"rendered":"<p>Eine runde Sache, der &#8222;Wasserspiel&#8220; Anh\u00e4nger. Durch die besondere Formsprache der geschwungenen Linien setzt das Schmuckst\u00fcck edle S\u00fc\u00dfwasser Zuchtperlen in Szene. Minimalistisch modern ziehen sie alle Blicke auf sich und r\u00fccken so die handverlesenen S\u00fc\u00dfwasserperlen in den Fokus der Aufmerksamkeit.<\/p>\n","protected":false},"featured_media":0,"template":"","meta":[],"product_brand":[],"product_cat":[333,389,132,130],"product_tag":[223],"class_list":{"0":"post-2653","1":"product","2":"type-product","3":"status-publish","5":"product_cat-anhaenger-gelbgold","6":"product_cat-perlenanhaenger","7":"product_cat-schmuck-gelbgold","8":"product_cat-perlen-schmuck","9":"product_tag-wasserspiel-de","11":"first","12":"instock","13":"taxable","14":"shipping-taxable","15":"product-type-simple"},"_links":{"self":[{"href":"https:\/\/viva.rauschmayer.com\/de\/wp-json\/wp\/v2\/product\/2653","targetHints":{"allow":["GET"]}}],"collection":[{"href":"https:\/\/viva.rauschmayer.com\/de\/wp-json\/wp\/v2\/product"}],"about":[{"href":"https:\/\/viva.rauschmayer.com\/de\/wp-json\/wp\/v2\/types\/product"}],"wp:attachment":[{"href":"https:\/\/viva.rauschmayer.com\/de\/wp-json\/wp\/v2\/media?parent=2653"}],"wp:term":[{"taxonomy":"product_brand","embeddable":true,"href":"https:\/\/viva.rauschmayer.com\/de\/wp-json\/wp\/v2\/product_brand?post=2653"},{"taxonomy":"product_cat","embeddable":true,"href":"https:\/\/viva.rauschmayer.com\/de\/wp-json\/wp\/v2\/product_cat?post=2653"},{"taxonomy":"product_tag","embeddable":true,"href":"https:\/\/viva.rauschmayer.com\/de\/wp-json\/wp\/v2\/product_tag?post=2653"}],"curies":[{"name":"wp","href":"https:\/\/api.w.org\/{rel}","templated":true}]}}