{"id":4613,"date":"2021-02-22T10:50:53","date_gmt":"2021-02-22T09:50:53","guid":{"rendered":"https:\/\/dev.viva.rauschmayer.com\/product\/trinity-ring\/"},"modified":"2022-02-02T13:59:36","modified_gmt":"2022-02-02T12:59:36","slug":"trinity-ring","status":"publish","type":"product","link":"https:\/\/viva.rauschmayer.com\/de\/produkt\/trinity-ring\/","title":{"rendered":"&#8222;Trinitas&#8220; Ring"},"content":{"rendered":"<p>&#8222;Trinitas&#8220; Ring in 14k (585) Gelbgold mit drei unterschiedlich gro\u00dfen runden wei\u00dfen S\u00fc\u00dfwasserperlen. Zwei mit Durchmesser 4,0mm &#8211; 4,5mm und eine 6,0mm &#8211; 6,5mm.<\/p>\n","protected":false},"excerpt":{"rendered":"<p>Purismus in Perfektion. Der &#8222;Trinitas&#8220; Ring lenkt den Blick auf das Wesentliche: die unvergleichliche Sch\u00f6nheit edler S\u00fc\u00dfwasser Zuchtperlen. Minimalistisches Design macht das Schmuckst\u00fcck zu einem unverzichtbaren Highlight, das einen stilvollen Auftritt garantiert.<\/p>\n","protected":false},"featured_media":0,"template":"","meta":[],"product_brand":[],"product_cat":[128,132,130,357,301],"product_tag":[235],"class_list":{"0":"post-4613","1":"product","2":"type-product","3":"status-publish","5":"product_cat-diamantenschmuck","6":"product_cat-schmuck-gelbgold","7":"product_cat-perlen-schmuck","8":"product_cat-ringe-gelbgold","9":"product_cat-perlen-ring","10":"product_tag-trinity-de","12":"first","13":"instock","14":"taxable","15":"shipping-taxable","16":"product-type-variable"},"_links":{"self":[{"href":"https:\/\/viva.rauschmayer.com\/de\/wp-json\/wp\/v2\/product\/4613","targetHints":{"allow":["GET"]}}],"collection":[{"href":"https:\/\/viva.rauschmayer.com\/de\/wp-json\/wp\/v2\/product"}],"about":[{"href":"https:\/\/viva.rauschmayer.com\/de\/wp-json\/wp\/v2\/types\/product"}],"wp:attachment":[{"href":"https:\/\/viva.rauschmayer.com\/de\/wp-json\/wp\/v2\/media?parent=4613"}],"wp:term":[{"taxonomy":"product_brand","embeddable":true,"href":"https:\/\/viva.rauschmayer.com\/de\/wp-json\/wp\/v2\/product_brand?post=4613"},{"taxonomy":"product_cat","embeddable":true,"href":"https:\/\/viva.rauschmayer.com\/de\/wp-json\/wp\/v2\/product_cat?post=4613"},{"taxonomy":"product_tag","embeddable":true,"href":"https:\/\/viva.rauschmayer.com\/de\/wp-json\/wp\/v2\/product_tag?post=4613"}],"curies":[{"name":"wp","href":"https:\/\/api.w.org\/{rel}","templated":true}]}}