{"id":5415,"date":"2021-06-30T17:11:37","date_gmt":"2021-06-30T16:11:37","guid":{"rendered":"https:\/\/dev.viva.rauschmayer.com\/product\/vollendung-anhaenger\/"},"modified":"2022-06-07T11:18:52","modified_gmt":"2022-06-07T10:18:52","slug":"vollendung-anhaenger","status":"publish","type":"product","link":"https:\/\/viva.rauschmayer.com\/de\/produkt\/vollendung-anhaenger\/","title":{"rendered":"&#8222;Vollendung&#8220; Anh\u00e4nger"},"content":{"rendered":"<p>&#8222;Vollendung&#8220; Anh\u00e4nger in 14k (585) Gelbgold mit einer runden wei\u00dfen 10,0mm &#8211; 11,0mm S\u00fcdseeperle und einem Brillanten 0,03ct. W\/Si.<\/p>\n<p>60cm lange Ankerkette in Gelbgold im Lieferumfang enthalten.<br \/>\n(Abbildung der Kette kann abweichen)<\/p>\n","protected":false},"excerpt":{"rendered":"<p>Edel trifft modern. Die schimmernde S\u00fcdseeperle besitzt ihre eigene, faszinierende Eleganz. Seit jeher begeistert sie Menschen rund um die Welt. Pr\u00e4sentiert in neuer, frischer Optik, verleiht die Perle in ihrer vollen Pracht eine l\u00e4ssige Dimension und macht den &#8222;Vollendung&#8220; Anh\u00e4nger mit seinem minimalistischen Design zum unverzichtbaren Klassiker, der einen stilvollen Auftritt garantiert.<\/p>\n","protected":false},"featured_media":0,"template":"","meta":[],"product_brand":[],"product_cat":[333,413,389,128,132,130],"product_tag":[229],"class_list":{"0":"post-5415","1":"product","2":"type-product","3":"status-publish","5":"product_cat-anhaenger-gelbgold","6":"product_cat-diamant-anhaenger","7":"product_cat-perlenanhaenger","8":"product_cat-diamantenschmuck","9":"product_cat-schmuck-gelbgold","10":"product_cat-perlen-schmuck","11":"product_tag-vollendung-de","13":"first","14":"instock","15":"taxable","16":"shipping-taxable","17":"product-type-simple"},"_links":{"self":[{"href":"https:\/\/viva.rauschmayer.com\/de\/wp-json\/wp\/v2\/product\/5415","targetHints":{"allow":["GET"]}}],"collection":[{"href":"https:\/\/viva.rauschmayer.com\/de\/wp-json\/wp\/v2\/product"}],"about":[{"href":"https:\/\/viva.rauschmayer.com\/de\/wp-json\/wp\/v2\/types\/product"}],"wp:attachment":[{"href":"https:\/\/viva.rauschmayer.com\/de\/wp-json\/wp\/v2\/media?parent=5415"}],"wp:term":[{"taxonomy":"product_brand","embeddable":true,"href":"https:\/\/viva.rauschmayer.com\/de\/wp-json\/wp\/v2\/product_brand?post=5415"},{"taxonomy":"product_cat","embeddable":true,"href":"https:\/\/viva.rauschmayer.com\/de\/wp-json\/wp\/v2\/product_cat?post=5415"},{"taxonomy":"product_tag","embeddable":true,"href":"https:\/\/viva.rauschmayer.com\/de\/wp-json\/wp\/v2\/product_tag?post=5415"}],"curies":[{"name":"wp","href":"https:\/\/api.w.org\/{rel}","templated":true}]}}