{"id":5528,"date":"2021-11-23T10:23:02","date_gmt":"2021-11-23T10:18:14","guid":{"rendered":"https:\/\/dev.viva.rauschmayer.com\/?post_type=product&#038;p=5528"},"modified":"2022-04-13T09:18:02","modified_gmt":"2022-04-13T08:18:02","slug":"wasserspiel-anhaenger","status":"publish","type":"product","link":"https:\/\/viva.rauschmayer.com\/de\/produkt\/wasserspiel-anhaenger\/","title":{"rendered":"&#8222;Wasserspiel&#8220; Anh\u00e4nger"},"content":{"rendered":"<p>&#8222;Wasserspiel&#8220; Anh\u00e4nger in 14k (585) Gelbgold mit einer runden wei\u00dfen 6.5mm &#8211; 7.0mm S\u00fc\u00dfwasserperle.<\/p>\n<p>45cm lange Ankerkette in Gelbgold im Lieferumfang enthalten.<br \/>\n(Abbildung der Kette kann abweichen)<\/p>\n","protected":false},"excerpt":{"rendered":"<p>Eine runde Sache, der \u201cWasserspiel\u201d Anh\u00e4nger. Durch die besondere Formsprache der geschwungenen Linien setzt das Schmuckst\u00fcck edle S\u00fc\u00dfwasser Zuchtperlen in Szene. Minimalistisch modern ziehen sie alle Blicke auf sich und r\u00fccken so die handverlesenen S\u00fc\u00dfwasserperlen in den Fokus der Aufmerksamkeit.<\/p>\n","protected":false},"featured_media":0,"template":"","meta":[],"product_brand":[],"product_cat":[333,389,132,130],"product_tag":[223],"class_list":{"0":"post-5528","1":"product","2":"type-product","3":"status-publish","5":"product_cat-anhaenger-gelbgold","6":"product_cat-perlenanhaenger","7":"product_cat-schmuck-gelbgold","8":"product_cat-perlen-schmuck","9":"product_tag-wasserspiel-de","11":"first","12":"instock","13":"taxable","14":"shipping-taxable","15":"product-type-simple"},"_links":{"self":[{"href":"https:\/\/viva.rauschmayer.com\/de\/wp-json\/wp\/v2\/product\/5528","targetHints":{"allow":["GET"]}}],"collection":[{"href":"https:\/\/viva.rauschmayer.com\/de\/wp-json\/wp\/v2\/product"}],"about":[{"href":"https:\/\/viva.rauschmayer.com\/de\/wp-json\/wp\/v2\/types\/product"}],"wp:attachment":[{"href":"https:\/\/viva.rauschmayer.com\/de\/wp-json\/wp\/v2\/media?parent=5528"}],"wp:term":[{"taxonomy":"product_brand","embeddable":true,"href":"https:\/\/viva.rauschmayer.com\/de\/wp-json\/wp\/v2\/product_brand?post=5528"},{"taxonomy":"product_cat","embeddable":true,"href":"https:\/\/viva.rauschmayer.com\/de\/wp-json\/wp\/v2\/product_cat?post=5528"},{"taxonomy":"product_tag","embeddable":true,"href":"https:\/\/viva.rauschmayer.com\/de\/wp-json\/wp\/v2\/product_tag?post=5528"}],"curies":[{"name":"wp","href":"https:\/\/api.w.org\/{rel}","templated":true}]}}