{"id":5533,"date":"2021-11-23T10:27:50","date_gmt":"2021-11-23T10:20:11","guid":{"rendered":"https:\/\/dev.viva.rauschmayer.com\/?post_type=product&#038;p=5533"},"modified":"2022-09-28T11:45:42","modified_gmt":"2022-09-28T10:45:42","slug":"wasserspiel-ohrschmuck","status":"publish","type":"product","link":"https:\/\/viva.rauschmayer.com\/de\/produkt\/wasserspiel-ohrschmuck\/","title":{"rendered":"&#8222;Wasserspiel&#8220; Ohrschmuck"},"content":{"rendered":"<p>&#8222;Wasserspiel&#8220; Ohrschmuck in 14k (585) Gelbgold mit jeweils einer runden wei\u00dfen 6.0mm &#8211; 6.5mm S\u00fc\u00dfwasserperle.<\/p>\n","protected":false},"excerpt":{"rendered":"<p>Eine runde Sache \u2013 der \u201cWasserspiel\u201d Ohrschmuck. Durch die besondere Formsprache der geschwungenen Linien setzt das Schmuckst\u00fcck die edle S\u00fc\u00dfwasser Zuchtperlen in Szene. Minimalistisch modern ziehen sie alle Blicke auf sich und r\u00fccken so die handverlesenen S\u00fc\u00dfwasserperlen in den Fokus der Aufmerksamkeit.<\/p>\n","protected":false},"featured_media":0,"template":"","meta":[],"product_brand":[],"product_cat":[132,349,397,130],"product_tag":[223],"class_list":{"0":"post-5533","1":"product","2":"type-product","3":"status-publish","5":"product_cat-schmuck-gelbgold","6":"product_cat-ohrringe-gelbgold","7":"product_cat-echte-perlenohrringe","8":"product_cat-perlen-schmuck","9":"product_tag-wasserspiel-de","11":"first","12":"instock","13":"taxable","14":"shipping-taxable","15":"product-type-simple"},"_links":{"self":[{"href":"https:\/\/viva.rauschmayer.com\/de\/wp-json\/wp\/v2\/product\/5533","targetHints":{"allow":["GET"]}}],"collection":[{"href":"https:\/\/viva.rauschmayer.com\/de\/wp-json\/wp\/v2\/product"}],"about":[{"href":"https:\/\/viva.rauschmayer.com\/de\/wp-json\/wp\/v2\/types\/product"}],"wp:attachment":[{"href":"https:\/\/viva.rauschmayer.com\/de\/wp-json\/wp\/v2\/media?parent=5533"}],"wp:term":[{"taxonomy":"product_brand","embeddable":true,"href":"https:\/\/viva.rauschmayer.com\/de\/wp-json\/wp\/v2\/product_brand?post=5533"},{"taxonomy":"product_cat","embeddable":true,"href":"https:\/\/viva.rauschmayer.com\/de\/wp-json\/wp\/v2\/product_cat?post=5533"},{"taxonomy":"product_tag","embeddable":true,"href":"https:\/\/viva.rauschmayer.com\/de\/wp-json\/wp\/v2\/product_tag?post=5533"}],"curies":[{"name":"wp","href":"https:\/\/api.w.org\/{rel}","templated":true}]}}