{"id":5551,"date":"2021-11-23T10:38:04","date_gmt":"2021-11-23T10:26:12","guid":{"rendered":"https:\/\/dev.viva.rauschmayer.com\/?post_type=product&#038;p=5551"},"modified":"2022-11-23T11:01:30","modified_gmt":"2022-11-23T10:01:30","slug":"lebensfreude-ring","status":"publish","type":"product","link":"https:\/\/viva.rauschmayer.com\/de\/produkt\/lebensfreude-ring\/","title":{"rendered":"&#8222;Lebensfreude&#8220; Ring"},"content":{"rendered":"<p>&#8222;Lebensfreude&#8220; Ring in 14k (585) Gelbgold mit zwei runden wei\u00dfen 6.0mm &#8211; 6.5mm und 8.5mm &#8211; 9.0mm S\u00fc\u00dfwasserperlen.<\/p>\n","protected":false},"excerpt":{"rendered":"<p>Grazil und unwiderstehlich \u2013 der \u201cLebensfreude\u201d Ring betont die zarte Seite der modernen Frau. Einfach getragen, perfektioniert das exquisite Schmuckst\u00fcck jedes Outfit. Goldkugeln aus zertifiziertem Gold und schimmernde S\u00fc\u00dfwasser Zuchtperlen stehen im Mittelpunkt des Designs und bilden zusammen eine harmonische Symbiose.<\/p>\n","protected":false},"featured_media":0,"template":"","meta":[],"product_brand":[],"product_cat":[132,130,357,301],"product_tag":[221],"class_list":{"0":"post-5551","1":"product","2":"type-product","3":"status-publish","5":"product_cat-schmuck-gelbgold","6":"product_cat-perlen-schmuck","7":"product_cat-ringe-gelbgold","8":"product_cat-perlen-ring","9":"product_tag-lebensfreude-de","11":"first","12":"instock","13":"taxable","14":"shipping-taxable","15":"product-type-variable"},"_links":{"self":[{"href":"https:\/\/viva.rauschmayer.com\/de\/wp-json\/wp\/v2\/product\/5551","targetHints":{"allow":["GET"]}}],"collection":[{"href":"https:\/\/viva.rauschmayer.com\/de\/wp-json\/wp\/v2\/product"}],"about":[{"href":"https:\/\/viva.rauschmayer.com\/de\/wp-json\/wp\/v2\/types\/product"}],"wp:attachment":[{"href":"https:\/\/viva.rauschmayer.com\/de\/wp-json\/wp\/v2\/media?parent=5551"}],"wp:term":[{"taxonomy":"product_brand","embeddable":true,"href":"https:\/\/viva.rauschmayer.com\/de\/wp-json\/wp\/v2\/product_brand?post=5551"},{"taxonomy":"product_cat","embeddable":true,"href":"https:\/\/viva.rauschmayer.com\/de\/wp-json\/wp\/v2\/product_cat?post=5551"},{"taxonomy":"product_tag","embeddable":true,"href":"https:\/\/viva.rauschmayer.com\/de\/wp-json\/wp\/v2\/product_tag?post=5551"}],"curies":[{"name":"wp","href":"https:\/\/api.w.org\/{rel}","templated":true}]}}