{"id":6342,"date":"2022-05-16T14:12:27","date_gmt":"2022-05-16T13:12:27","guid":{"rendered":"https:\/\/viva.rauschmayer.com\/product\/stern-armband\/"},"modified":"2022-05-16T14:12:27","modified_gmt":"2022-05-16T13:12:27","slug":"stern-armband","status":"publish","type":"product","link":"https:\/\/viva.rauschmayer.com\/de\/produkt\/stern-armband\/","title":{"rendered":"&#8222;Stern&#8220; Armband"},"content":{"rendered":"<p>&#8222;Stern&#8220; Armband in 14k (585) Gelbgold.<\/p>\n","protected":false},"excerpt":{"rendered":"<div>\n<p class=\"font8\">Die VIVA-Armb\u00e4nder verzaubern durch Ihre farbenfrohen und zugleich edlen Schmuckst\u00fccke. Ein l\u00e4ssiger kleiner Schmuckluxus, wie er entspannter und vielf\u00e4ltiger nicht sein kann. Die VIVA Armb\u00e4nder sind zu jedem Anlass eine gl\u00e4nzende Wahl. Erfrischend modern, stehen sie f\u00fcr l\u00e4ssigen Schmuck zu Jeans oder Abendrobe und sorgen mit verspielten Details f\u00fcr Begeisterung auf den ersten Blick. <span lang=\"EN-US\">Und echte Liebe auf den zweiten.<\/span><\/p>\n<\/div>\n","protected":false},"featured_media":0,"template":"","meta":[],"product_brand":[],"product_cat":[497,132],"product_tag":[498],"class_list":{"0":"post-6342","1":"product","2":"type-product","3":"status-publish","5":"product_cat-hochwertige-armbaender","6":"product_cat-schmuck-gelbgold","7":"product_tag-bracelet-de","9":"first","10":"instock","11":"taxable","12":"shipping-taxable","13":"product-type-simple"},"_links":{"self":[{"href":"https:\/\/viva.rauschmayer.com\/de\/wp-json\/wp\/v2\/product\/6342","targetHints":{"allow":["GET"]}}],"collection":[{"href":"https:\/\/viva.rauschmayer.com\/de\/wp-json\/wp\/v2\/product"}],"about":[{"href":"https:\/\/viva.rauschmayer.com\/de\/wp-json\/wp\/v2\/types\/product"}],"wp:attachment":[{"href":"https:\/\/viva.rauschmayer.com\/de\/wp-json\/wp\/v2\/media?parent=6342"}],"wp:term":[{"taxonomy":"product_brand","embeddable":true,"href":"https:\/\/viva.rauschmayer.com\/de\/wp-json\/wp\/v2\/product_brand?post=6342"},{"taxonomy":"product_cat","embeddable":true,"href":"https:\/\/viva.rauschmayer.com\/de\/wp-json\/wp\/v2\/product_cat?post=6342"},{"taxonomy":"product_tag","embeddable":true,"href":"https:\/\/viva.rauschmayer.com\/de\/wp-json\/wp\/v2\/product_tag?post=6342"}],"curies":[{"name":"wp","href":"https:\/\/api.w.org\/{rel}","templated":true}]}}