{"id":6548,"date":"2022-07-22T16:38:47","date_gmt":"2022-07-22T15:38:47","guid":{"rendered":"https:\/\/viva.rauschmayer.com\/product\/vollkommen-ohrschmuck-2\/"},"modified":"2022-07-22T16:38:47","modified_gmt":"2022-07-22T15:38:47","slug":"vollkommen-ohrschmuck-2","status":"publish","type":"product","link":"https:\/\/viva.rauschmayer.com\/de\/produkt\/vollkommen-ohrschmuck-2\/","title":{"rendered":"&#8222;Vollkommen&#8220; Ohrschmuck"},"content":{"rendered":"<p>&#8222;Vollkommen&#8220; Ohrschmuck zweifarbig in 14k (585) Gelbgold (rhodiniert) mit 10 Brillanten 0.06ct. W\/Si.<\/p>\n","protected":false},"excerpt":{"rendered":"<p>Der VOLLKOMMEN Ohrschmuck ist der Inbegriff von Optimismus und Hoffnung und damit ein strahlendes Symbol f\u00fcr eine gl\u00e4nzende Zukunft. Dieses raffinierte Design besticht durch ein einzigartiges Arrangement von Diamanten, die sorgf\u00e4ltig nach Gr\u00f6\u00dfe und Reinheit ausgesucht wurden. Ein Schmuckst\u00fcck f\u00fcr jeden Anlass.<\/p>\n","protected":false},"featured_media":0,"template":"","meta":[],"product_brand":[],"product_cat":[128,132,349,421],"product_tag":[232],"class_list":{"0":"post-6548","1":"product","2":"type-product","3":"status-publish","5":"product_cat-diamantenschmuck","6":"product_cat-schmuck-gelbgold","7":"product_cat-ohrringe-gelbgold","8":"product_cat-ohrringe-mit-diamanten","9":"product_tag-vollkommen-de","11":"first","12":"instock","13":"taxable","14":"shipping-taxable","15":"product-type-simple"},"_links":{"self":[{"href":"https:\/\/viva.rauschmayer.com\/de\/wp-json\/wp\/v2\/product\/6548","targetHints":{"allow":["GET"]}}],"collection":[{"href":"https:\/\/viva.rauschmayer.com\/de\/wp-json\/wp\/v2\/product"}],"about":[{"href":"https:\/\/viva.rauschmayer.com\/de\/wp-json\/wp\/v2\/types\/product"}],"wp:attachment":[{"href":"https:\/\/viva.rauschmayer.com\/de\/wp-json\/wp\/v2\/media?parent=6548"}],"wp:term":[{"taxonomy":"product_brand","embeddable":true,"href":"https:\/\/viva.rauschmayer.com\/de\/wp-json\/wp\/v2\/product_brand?post=6548"},{"taxonomy":"product_cat","embeddable":true,"href":"https:\/\/viva.rauschmayer.com\/de\/wp-json\/wp\/v2\/product_cat?post=6548"},{"taxonomy":"product_tag","embeddable":true,"href":"https:\/\/viva.rauschmayer.com\/de\/wp-json\/wp\/v2\/product_tag?post=6548"}],"curies":[{"name":"wp","href":"https:\/\/api.w.org\/{rel}","templated":true}]}}